{"id":2,"date":"2025-01-13T15:24:37","date_gmt":"2025-01-13T14:24:37","guid":{"rendered":"https:\/\/www.nispontennis.pl\/?page_id=2"},"modified":"2025-01-17T20:22:19","modified_gmt":"2025-01-17T19:22:19","slug":"zapisy","status":"publish","type":"page","link":"https:\/\/www.nispontennis.pl\/index.php\/zapisy\/","title":{"rendered":"Zapisz si\u0119 na Tw\u00f3j trening!"},"content":{"rendered":"\n<p>Na trening mo\u017cemy si\u0119 um\u00f3wi\u0107 w Cz\u0119stochowie ( i okolicach) od poniedzia\u0142ku do pi\u0105tku od 9:00 &#8211; 15:00. Zadzwo\u0144 lub napisz do mnie. <br><br>+48 691 019 983<\/p>\n\n\n\n<p>michal@nispontennis.pl<\/p>\n","protected":false},"excerpt":{"rendered":"<p>Na trening mo\u017cemy si\u0119 um\u00f3wi\u0107 w Cz\u0119stochowie ( i okolicach) od poniedzia\u0142ku do pi\u0105tku od 9:00 &#8211; 15:00. Zadzwo\u0144 lub napisz do mnie. +48 691 019 983 michal@nispontennis.pl<\/p>\n","protected":false},"author":1,"featured_media":63,"parent":0,"menu_order":0,"comment_status":"closed","ping_status":"closed","template":"","meta":{"footnotes":""},"class_list":["post-2","page","type-page","status-publish","has-post-thumbnail","hentry"],"_links":{"self":[{"href":"https:\/\/www.nispontennis.pl\/index.php\/wp-json\/wp\/v2\/pages\/2","targetHints":{"allow":["GET"]}}],"collection":[{"href":"https:\/\/www.nispontennis.pl\/index.php\/wp-json\/wp\/v2\/pages"}],"about":[{"href":"https:\/\/www.nispontennis.pl\/index.php\/wp-json\/wp\/v2\/types\/page"}],"author":[{"embeddable":true,"href":"https:\/\/www.nispontennis.pl\/index.php\/wp-json\/wp\/v2\/users\/1"}],"replies":[{"embeddable":true,"href":"https:\/\/www.nispontennis.pl\/index.php\/wp-json\/wp\/v2\/comments?post=2"}],"version-history":[{"count":6,"href":"https:\/\/www.nispontennis.pl\/index.php\/wp-json\/wp\/v2\/pages\/2\/revisions"}],"predecessor-version":[{"id":69,"href":"https:\/\/www.nispontennis.pl\/index.php\/wp-json\/wp\/v2\/pages\/2\/revisions\/69"}],"wp:featuredmedia":[{"embeddable":true,"href":"https:\/\/www.nispontennis.pl\/index.php\/wp-json\/wp\/v2\/media\/63"}],"wp:attachment":[{"href":"https:\/\/www.nispontennis.pl\/index.php\/wp-json\/wp\/v2\/media?parent=2"}],"curies":[{"name":"wp","href":"https:\/\/api.w.org\/{rel}","templated":true}]}}